{"id":286,"date":"2013-06-11T19:56:30","date_gmt":"2013-06-11T17:56:30","guid":{"rendered":"http:\/\/www.hartmann-gartenbau.de\/?page_id=286"},"modified":"2022-02-05T16:12:36","modified_gmt":"2022-02-05T14:12:36","slug":"acer-platanoides-globosum","status":"publish","type":"page","link":"http:\/\/www.hartmann-gartenbau.de\/?page_id=286","title":{"rendered":"Acer platanoides &#8222;Globosum&#8220;"},"content":{"rendered":"<p>Der <b>Spitzahorn<\/b> (<i>Acer platanoides<\/i>), auch <b>Spitzbl\u00e4ttriger Ahorn<\/b> genannt, ist eine <a title=\"Laubbaum\" href=\"http:\/\/de.wikipedia.org\/wiki\/Laubbaum\">Laubbaum<\/a><a title=\"Art (Biologie)\" href=\"http:\/\/de.wikipedia.org\/wiki\/Art_%28Biologie%29\">art<\/a> aus der <a title=\"Gattung (Biologie)\" href=\"http:\/\/de.wikipedia.org\/wiki\/Gattung_%28Biologie%29\">Gattung<\/a> der <a title=\"Ahorne\" href=\"http:\/\/de.wikipedia.org\/wiki\/Ahorne\">Ahorne<\/a> (<i>Acer<\/i>). Diese werden heute der <a title=\"Familie (Biologie)\" href=\"http:\/\/de.wikipedia.org\/wiki\/Familie_%28Biologie%29\">Familie<\/a> der <a title=\"Seifenbaumgew\u00e4chse\" href=\"http:\/\/de.wikipedia.org\/wiki\/Seifenbaumgew%C3%A4chse\">Seifenbaumgew\u00e4chse<\/a> (Sapindaceae) zugeordnet (fr\u00fcher eigene Familie <a title=\"Ahorngew\u00e4chse\" href=\"http:\/\/de.wikipedia.org\/wiki\/Ahorngew%C3%A4chse\">Ahorngew\u00e4chse<\/a>, Aceraceae). Um seine Zugeh\u00f6rigkeit zur Gattung der Ahorne zu betonen, ist <a title=\"Schreibweise deutscher Pflanzennamen\" href=\"http:\/\/de.wikipedia.org\/wiki\/Schreibweise_deutscher_Pflanzennamen\">in der Botanik die Bindestrichschreibweise<\/a> <b>Spitz-Ahorn<\/b> \u00fcblich. Der Spitzahorn geh\u00f6rt zu den h\u00e4ufigsten B\u00e4umen in deutschen St\u00e4dten und ist besonders zu Fr\u00fchlingsbeginn auff\u00e4llig, wenn eine Vielzahl gelbgr\u00fcner Bl\u00fctendolden noch vor dem dunkleren Laubaustrieb Stra\u00dfen, <a title=\"Allee\" href=\"http:\/\/de.wikipedia.org\/wiki\/Allee\">Alleen<\/a> und Parks in ein frisches, helles Gr\u00fcn taucht, w\u00e4hrend viele andere B\u00e4ume noch weitgehend kahl sind.<\/p>\n<p>Der Kugelahorn &#8218;Globosum&#8216; entwickelt eine kugelf\u00f6rmige Krone, die eine Gr\u00f6\u00dfe von 3 &#8211; 4 m erreicht. Der Stamm ver\u00e4ndert sich in der H\u00f6he nicht, wird aber im Umfang gr\u00f6\u00dfer bzw. der Stamm wird dicker.<\/p>\n<p>Quelle und mehr Info\u00b4s bei <a href=\"http:\/\/de.wikipedia.org\/wiki\/Acer_platanoides\" target=\"_blank\" rel=\"noopener\">Wikipedia<\/a><\/p>\n<p style=\"text-align: center;\">\n","protected":false},"excerpt":{"rendered":"<p>Der Spitzahorn (Acer platanoides), auch Spitzbl\u00e4ttriger Ahorn genannt, ist eine Laubbaumart aus der Gattung der Ahorne (Acer). Diese werden heute der Familie der Seifenbaumgew\u00e4chse (Sapindaceae) zugeordnet (fr\u00fcher eigene Familie Ahorngew\u00e4chse, Aceraceae). Um seine Zugeh\u00f6rigkeit zur Gattung der Ahorne zu betonen, ist in der Botanik die Bindestrichschreibweise Spitz-Ahorn \u00fcblich. Der Spitzahorn geh\u00f6rt zu den h\u00e4ufigsten B\u00e4umen &hellip; <a class=\"read-excerpt\" href=\"http:\/\/www.hartmann-gartenbau.de\/?page_id=286\">Weiterlesen <span class=\"meta-nav\">&raquo;<\/span><\/a><\/p>\n","protected":false},"author":1,"featured_media":0,"parent":213,"menu_order":0,"comment_status":"closed","ping_status":"closed","template":"","meta":{"footnotes":""},"class_list":["post-286","page","type-page","status-publish","hentry"],"_links":{"self":[{"href":"http:\/\/www.hartmann-gartenbau.de\/index.php?rest_route=\/wp\/v2\/pages\/286","targetHints":{"allow":["GET"]}}],"collection":[{"href":"http:\/\/www.hartmann-gartenbau.de\/index.php?rest_route=\/wp\/v2\/pages"}],"about":[{"href":"http:\/\/www.hartmann-gartenbau.de\/index.php?rest_route=\/wp\/v2\/types\/page"}],"author":[{"embeddable":true,"href":"http:\/\/www.hartmann-gartenbau.de\/index.php?rest_route=\/wp\/v2\/users\/1"}],"replies":[{"embeddable":true,"href":"http:\/\/www.hartmann-gartenbau.de\/index.php?rest_route=%2Fwp%2Fv2%2Fcomments&post=286"}],"version-history":[{"count":6,"href":"http:\/\/www.hartmann-gartenbau.de\/index.php?rest_route=\/wp\/v2\/pages\/286\/revisions"}],"predecessor-version":[{"id":487,"href":"http:\/\/www.hartmann-gartenbau.de\/index.php?rest_route=\/wp\/v2\/pages\/286\/revisions\/487"}],"up":[{"embeddable":true,"href":"http:\/\/www.hartmann-gartenbau.de\/index.php?rest_route=\/wp\/v2\/pages\/213"}],"wp:attachment":[{"href":"http:\/\/www.hartmann-gartenbau.de\/index.php?rest_route=%2Fwp%2Fv2%2Fmedia&parent=286"}],"curies":[{"name":"wp","href":"https:\/\/api.w.org\/{rel}","templated":true}]}}