{"id":228,"date":"2013-05-27T09:58:25","date_gmt":"2013-05-27T07:58:25","guid":{"rendered":"http:\/\/www.hartmann-gartenbau.de\/?page_id=228"},"modified":"2013-05-27T10:48:32","modified_gmt":"2013-05-27T08:48:32","slug":"davidia-involucrata-vilmoriniana","status":"publish","type":"page","link":"http:\/\/www.hartmann-gartenbau.de\/?page_id=228","title":{"rendered":"Davidia involucrata vilmoriniana"},"content":{"rendered":"<p style=\"text-align: justify;\">Der <b>Taschentuchbaum<\/b> (<i>Davidia involucrata<\/i>), auch <b>Taubenbaum<\/b> genannt, ist die einzige <a title=\"Art (Biologie)\" href=\"http:\/\/de.wikipedia.org\/wiki\/Art_%28Biologie%29\">Pflanzenart<\/a> der <a title=\"Monotypisch\" href=\"http:\/\/de.wikipedia.org\/wiki\/Monotypisch\">monotypischen<\/a> Gattung <i><b>Davidia<\/b><\/i>. Diese <a title=\"Laubbaum\" href=\"http:\/\/de.wikipedia.org\/wiki\/Laubbaum\">Laubbaumart<\/a> stammt aus <a title=\"China\" href=\"http:\/\/de.wikipedia.org\/wiki\/China\">China<\/a>. Der deutsche <a title=\"Trivialname\" href=\"http:\/\/de.wikipedia.org\/wiki\/Trivialname\">Trivialname<\/a> nimmt bezug auf die gro\u00dfen wei\u00dfen Hochbl\u00e4tter, die wie Taschent\u00fccher bzw. von weitem gesehen auch wie ein Schwarm wei\u00dfer Tauben in den \u00c4sten h\u00e4ngen. Der Name \u201eTaubenbaum\u201c wird auch f\u00fcr den chinesischen Nadelbaum <i><a title=\"Cathaya argyrophylla\" href=\"http:\/\/de.wikipedia.org\/wiki\/Cathaya_argyrophylla\">Cathaya argyrophylla<\/a><\/i> verwendet.<\/p>\n<p style=\"text-align: justify;\">Der franz\u00f6sische Lazarist <a title=\"Armand David\" href=\"http:\/\/de.wikipedia.org\/wiki\/Armand_David\">Armand David<\/a> entdeckte <i>Davidia involucrata<\/i> 1868 in China; ein Herbarbeleg gelangte nach <a title=\"Paris\" href=\"http:\/\/de.wikipedia.org\/wiki\/Paris\">Paris<\/a>. Erst 35 Jahre sp\u00e4ter gelang es dem Engl\u00e4nder <a title=\"Ernest Henry Wilson\" href=\"http:\/\/de.wikipedia.org\/wiki\/Ernest_Henry_Wilson\">Ernest Henry Wilson<\/a> die nussf\u00f6rmigen Kerne zu sammeln und sie \u00fcber die Handelsg\u00e4rtnerei <a title=\"Veitch and Sons\" href=\"http:\/\/de.wikipedia.org\/wiki\/Veitch_and_Sons\">Veitch<\/a> in europ\u00e4ische G\u00e4rten einzuf\u00fchren. David zu Ehren bekam die Gattung ihren wissenschaftlichen Namen.<\/p>\n<p style=\"text-align: justify;\">Quelle und mehr Info\u00b4s bei <a href=\"http:\/\/de.wikipedia.org\/wiki\/Davidia\" target=\"_blank\">Wikipedia<\/a><\/p>\n<p style=\"text-align: center;\"><a href=\"http:\/\/mit-natur-nat\u00fcrlich-fit.de\/\"><img loading=\"lazy\" decoding=\"async\" class=\"aligncenter size-full wp-image-205\" alt=\"Kooperation\" src=\"http:\/\/www.hartmann-gartenbau.de\/wp-content\/uploads\/2013\/05\/Kooperation.jpg\" width=\"315\" height=\"155\" \/><\/a><\/p>\n","protected":false},"excerpt":{"rendered":"<p>Der Taschentuchbaum (Davidia involucrata), auch Taubenbaum genannt, ist die einzige Pflanzenart der monotypischen Gattung Davidia. Diese Laubbaumart stammt aus China. Der deutsche Trivialname nimmt bezug auf die gro\u00dfen wei\u00dfen Hochbl\u00e4tter, die wie Taschent\u00fccher bzw. von weitem gesehen auch wie ein Schwarm wei\u00dfer Tauben in den \u00c4sten h\u00e4ngen. Der Name \u201eTaubenbaum\u201c wird auch f\u00fcr den chinesischen &hellip; <a class=\"read-excerpt\" href=\"http:\/\/www.hartmann-gartenbau.de\/?page_id=228\">Weiterlesen <span class=\"meta-nav\">&raquo;<\/span><\/a><\/p>\n","protected":false},"author":1,"featured_media":0,"parent":213,"menu_order":0,"comment_status":"closed","ping_status":"closed","template":"","meta":{"footnotes":""},"class_list":["post-228","page","type-page","status-publish","hentry"],"_links":{"self":[{"href":"http:\/\/www.hartmann-gartenbau.de\/index.php?rest_route=\/wp\/v2\/pages\/228","targetHints":{"allow":["GET"]}}],"collection":[{"href":"http:\/\/www.hartmann-gartenbau.de\/index.php?rest_route=\/wp\/v2\/pages"}],"about":[{"href":"http:\/\/www.hartmann-gartenbau.de\/index.php?rest_route=\/wp\/v2\/types\/page"}],"author":[{"embeddable":true,"href":"http:\/\/www.hartmann-gartenbau.de\/index.php?rest_route=\/wp\/v2\/users\/1"}],"replies":[{"embeddable":true,"href":"http:\/\/www.hartmann-gartenbau.de\/index.php?rest_route=%2Fwp%2Fv2%2Fcomments&post=228"}],"version-history":[{"count":5,"href":"http:\/\/www.hartmann-gartenbau.de\/index.php?rest_route=\/wp\/v2\/pages\/228\/revisions"}],"predecessor-version":[{"id":261,"href":"http:\/\/www.hartmann-gartenbau.de\/index.php?rest_route=\/wp\/v2\/pages\/228\/revisions\/261"}],"up":[{"embeddable":true,"href":"http:\/\/www.hartmann-gartenbau.de\/index.php?rest_route=\/wp\/v2\/pages\/213"}],"wp:attachment":[{"href":"http:\/\/www.hartmann-gartenbau.de\/index.php?rest_route=%2Fwp%2Fv2%2Fmedia&parent=228"}],"curies":[{"name":"wp","href":"https:\/\/api.w.org\/{rel}","templated":true}]}}